{"id":2566,"date":"2021-10-26T08:43:46","date_gmt":"2021-10-26T08:43:46","guid":{"rendered":"https:\/\/www.encore-lab.com\/contacto\/"},"modified":"2024-08-26T08:24:14","modified_gmt":"2024-08-26T08:24:14","slug":"contact","status":"publish","type":"page","link":"https:\/\/www.encore-lab.com\/en\/contact\/","title":{"rendered":"Contact"},"content":{"rendered":"<p>[et_pb_section fb_built=&#8221;1&#8243; _builder_version=&#8221;4.16&#8243; _module_preset=&#8221;default&#8221; custom_padding=&#8221;0px||0px|||&#8221; global_colors_info=&#8221;{}&#8221;][et_pb_row _builder_version=&#8221;4.16&#8243; _module_preset=&#8221;default&#8221; global_colors_info=&#8221;{}&#8221;][et_pb_column type=&#8221;4_4&#8243; _builder_version=&#8221;4.16&#8243; _module_preset=&#8221;default&#8221; global_colors_info=&#8221;{}&#8221;][et_pb_image src=&#8221;https:\/\/www.encore-lab.com\/wp-content\/uploads\/2023\/03\/Header_Contacto-encore-lab-contact-1024&#215;61.png&#8221; alt=&#8221;Header_Contacto-encore-lab-contact&#8221; title_text=&#8221;Header_Contacto-encore-lab-contact&#8221; force_fullwidth=&#8221;on&#8221; _builder_version=&#8221;4.20.1&#8243; _module_preset=&#8221;default&#8221; module_alignment=&#8221;center&#8221; global_colors_info=&#8221;{}&#8221;][\/et_pb_image][\/et_pb_column][\/et_pb_row][\/et_pb_section][et_pb_section fb_built=&#8221;1&#8243; _builder_version=&#8221;4.16&#8243; _module_preset=&#8221;default&#8221; background_color=&#8221;#FFFFFF&#8221; background_image=&#8221;https:\/\/encore-lab.com\/wp-content\/uploads\/2022\/03\/Li\u0301neas_Web_Encore_seccion-proyectos.jpg&#8221; custom_padding=&#8221;35px|||||&#8221; global_colors_info=&#8221;{}&#8221;][et_pb_row column_structure=&#8221;2_5,3_5&#8243; _builder_version=&#8221;4.16&#8243; _module_preset=&#8221;default&#8221; min_height=&#8221;256.4px&#8221; custom_margin=&#8221;2px|auto||auto||&#8221; custom_padding=&#8221;40px|||||&#8221; border_color_all=&#8221;RGBA(0,0,0,0)&#8221; global_colors_info=&#8221;{}&#8221;][et_pb_column type=&#8221;2_5&#8243; _builder_version=&#8221;4.16&#8243; _module_preset=&#8221;default&#8221; global_colors_info=&#8221;{}&#8221;][et_pb_text _builder_version=&#8221;4.17.3&#8243; _module_preset=&#8221;default&#8221; text_font=&#8221;|300|||||||&#8221; width=&#8221;78%&#8221; min_height=&#8221;14px&#8221; custom_margin=&#8221;||||false|false&#8221; custom_padding=&#8221;||||false|false&#8221; border_color_all=&#8221;RGBA(0,0,0,0)&#8221; border_width_top=&#8221;0px&#8221; border_width_right=&#8221;0px&#8221; border_width_left=&#8221;0px&#8221; global_colors_info=&#8221;{}&#8221;]<\/p>\n<p>&nbsp;<\/p>\n<h2><span style=\"vertical-align: inherit;\"><span style=\"vertical-align: inherit;\">Do you have a project?<\/span><\/span><\/h2>\n<p><span style=\"vertical-align: inherit;\"><span style=\"vertical-align: inherit;\"><\/span><\/span><\/p>\n<p>At Encore Lab we are ready to listen to your idea, give you solutions and help you make your project a success.<\/p>\n<p>Leave us your <strong>contact details<\/strong>.<\/p>\n<p>&nbsp;<\/p>\n<p><span style=\"vertical-align: inherit;\"><span style=\"vertical-align: inherit;\"><\/span><\/span><\/p>\n<p>[\/et_pb_text][\/et_pb_column][et_pb_column type=&#8221;3_5&#8243; _builder_version=&#8221;4.16&#8243; _module_preset=&#8221;default&#8221; border_color_right=&#8221;RGBA(0,0,0,0)&#8221; global_colors_info=&#8221;{}&#8221;][et_pb_image src=&#8221;https:\/\/encore-lab.com\/wp-content\/uploads\/2022\/03\/compania-encore-la-rioja-encorelab-1024&#215;781.png&#8221; alt=&#8221;compania-encore-la-rioja-encorelab&#8221; title_text=&#8221;compa\u00f1ia encore la rioja encorelab&#8221; align=&#8221;center&#8221; _builder_version=&#8221;4.16.1&#8243; _module_preset=&#8221;default&#8221; width=&#8221;80%&#8221; border_color_all=&#8221;RGBA(0,0,0,0)&#8221; global_colors_info=&#8221;{}&#8221;][\/et_pb_image][\/et_pb_column][\/et_pb_row][et_pb_row column_structure=&#8221;2_5,3_5&#8243; _builder_version=&#8221;4.16&#8243; _module_preset=&#8221;default&#8221; custom_padding=&#8221;||40px|||&#8221; global_colors_info=&#8221;{}&#8221;][et_pb_column type=&#8221;2_5&#8243; _builder_version=&#8221;4.16&#8243; _module_preset=&#8221;default&#8221; global_colors_info=&#8221;{}&#8221;][et_pb_text _builder_version=&#8221;4.17.3&#8243; _module_preset=&#8221;default&#8221; text_line_height=&#8221;0.8em&#8221; module_alignment=&#8221;left&#8221; custom_margin=&#8221;||8px|||&#8221; global_colors_info=&#8221;{}&#8221;]<\/p>\n<h3><span style=\"color: #212529;\"><span style=\"font-weight: 500;\">CONTACT<\/span><\/span><\/h3>\n<h5><span style=\"font-weight: 500; color: #0071ae;\">ENCORE-LAB<\/span><\/h5>\n<p>[\/et_pb_text][et_pb_divider color=&#8221;#0071ae&#8221; divider_weight=&#8221;5px&#8221; _builder_version=&#8221;4.16&#8243; _module_preset=&#8221;default&#8221; width=&#8221;75%&#8221; module_alignment=&#8221;left&#8221; custom_margin=&#8221;||-2px|||&#8221; custom_padding=&#8221;||0px|||&#8221; global_colors_info=&#8221;{}&#8221;][\/et_pb_divider][et_pb_text _builder_version=&#8221;4.17.4&#8243; _module_preset=&#8221;default&#8221; text_line_height=&#8221;0.8em&#8221; module_alignment=&#8221;left&#8221; global_colors_info=&#8221;{}&#8221;]<\/p>\n<p>Avenida de Zaragoza 18. 1\u00ba\u00a0 oficina 2<\/p>\n<p>26006 Logro\u00f1o (La Rioja), Espa\u00f1a<\/p>\n<p>&nbsp;<\/p>\n<p>Tel.: <span style=\"color: #0071ae;\">+34 941 27 33 76<\/span><\/p>\n<p>E-mail : <span style=\"color: #0071ae;\">info@encore-lab.com<\/span><\/p>\n<p>[\/et_pb_text][\/et_pb_column][et_pb_column type=&#8221;3_5&#8243; _builder_version=&#8221;4.16&#8243; _module_preset=&#8221;default&#8221; global_colors_info=&#8221;{}&#8221;][et_pb_contact_form email=&#8221;marketing@cesens.com&#8221; admin_label=&#8221;contacto&#8221; module_id=&#8221;et_pb_contact_form_0&#8243; _builder_version=&#8221;4.27.0&#8243; _unique_id=&#8221;9945e6d1-0c18-4301-a918-db7a53de7abe&#8221; form_field_background_color=&#8221;rgba(0,0,0,0)&#8221; form_field_text_color=&#8221;rgba(33,37,41,0)80&#8243; form_field_focus_text_color=&#8221;#212529&#8243; form_field_custom_margin=&#8221;||||false|false&#8221; form_field_custom_padding=&#8221;||||false|false&#8221; title_level=&#8221;h5&#8243; title_font=&#8221;|300||on|||||&#8221; title_text_color=&#8221;#212529&#8243; title_font_size=&#8221;15px&#8221; title_letter_spacing=&#8221;2px&#8221; title_line_height=&#8221;1.4em&#8221; captcha_font=&#8221;||||||||&#8221; captcha_text_color=&#8221;#212529&#8243; captcha_font_size=&#8221;15px&#8221; form_field_font=&#8221;PT Sans||||||||&#8221; form_field_font_size=&#8221;15px&#8221; form_field_letter_spacing=&#8221;2px&#8221; background_color=&#8221;rgba(0,0,0,0)&#8221; custom_button=&#8221;on&#8221; button_text_size=&#8221;14px&#8221; button_text_color=&#8221;#FFFFFF&#8221; button_bg_color=&#8221;#0071ae&#8221; button_border_width=&#8221;1px&#8221; button_border_color=&#8221;rgba(0,0,0,0)&#8221; button_border_radius=&#8221;25px&#8221; button_letter_spacing=&#8221;1.5px&#8221; button_font=&#8221;|||on|||||&#8221; button_icon=&#8221;&#xe010;||divi||400&#8243; button_icon_color=&#8221;#ffffff&#8221; button_custom_margin=&#8221;15px||||false|false&#8221; button_custom_padding=&#8221;0px|25px|0px|25px|true|true&#8221; text_orientation=&#8221;left&#8221; module_alignment=&#8221;center&#8221; custom_margin=&#8221;15px||||false|false&#8221; custom_padding=&#8221;||||true|true&#8221; hover_enabled=&#8221;0&#8243; border_color_all=&#8221;#6b6b6b&#8221; border_width_bottom=&#8221;1px&#8221; box_shadow_style_button=&#8221;preset3&#8243; box_shadow_blur_button=&#8221;28px&#8221; box_shadow_spread_button=&#8221;-10px&#8221; box_shadow_color_button=&#8221;rgba(255,255,255,0.35)&#8221; locked=&#8221;off&#8221; global_colors_info=&#8221;{}&#8221; sticky_enabled=&#8221;0&#8243;][et_pb_contact_field field_id=&#8221;Nombre&#8221; field_title=&#8221;name&#8221; fullwidth_field=&#8221;on&#8221; _builder_version=&#8221;4.17.3&#8243; global_colors_info=&#8221;{}&#8221; button_text_size__hover_enabled=&#8221;off&#8221; button_one_text_size__hover_enabled=&#8221;off&#8221; button_two_text_size__hover_enabled=&#8221;off&#8221; button_text_color__hover_enabled=&#8221;off&#8221; button_one_text_color__hover_enabled=&#8221;off&#8221; button_two_text_color__hover_enabled=&#8221;off&#8221; button_border_width__hover_enabled=&#8221;off&#8221; button_one_border_width__hover_enabled=&#8221;off&#8221; button_two_border_width__hover_enabled=&#8221;off&#8221; button_border_color__hover_enabled=&#8221;off&#8221; button_one_border_color__hover_enabled=&#8221;off&#8221; button_two_border_color__hover_enabled=&#8221;off&#8221; button_border_radius__hover_enabled=&#8221;off&#8221; button_one_border_radius__hover_enabled=&#8221;off&#8221; button_two_border_radius__hover_enabled=&#8221;off&#8221; button_letter_spacing__hover_enabled=&#8221;off&#8221; button_one_letter_spacing__hover_enabled=&#8221;off&#8221; button_two_letter_spacing__hover_enabled=&#8221;off&#8221; button_bg_color__hover_enabled=&#8221;off&#8221; button_one_bg_color__hover_enabled=&#8221;off&#8221; button_two_bg_color__hover_enabled=&#8221;off&#8221;][\/et_pb_contact_field][et_pb_contact_field field_id=&#8221;Email&#8221; field_title=&#8221;Email&#8221; field_type=&#8221;email&#8221; fullwidth_field=&#8221;on&#8221; _builder_version=&#8221;4.16&#8243; global_colors_info=&#8221;{}&#8221; button_text_size__hover_enabled=&#8221;off&#8221; button_one_text_size__hover_enabled=&#8221;off&#8221; button_two_text_size__hover_enabled=&#8221;off&#8221; button_text_color__hover_enabled=&#8221;off&#8221; button_one_text_color__hover_enabled=&#8221;off&#8221; button_two_text_color__hover_enabled=&#8221;off&#8221; button_border_width__hover_enabled=&#8221;off&#8221; button_one_border_width__hover_enabled=&#8221;off&#8221; button_two_border_width__hover_enabled=&#8221;off&#8221; button_border_color__hover_enabled=&#8221;off&#8221; button_one_border_color__hover_enabled=&#8221;off&#8221; button_two_border_color__hover_enabled=&#8221;off&#8221; button_border_radius__hover_enabled=&#8221;off&#8221; button_one_border_radius__hover_enabled=&#8221;off&#8221; button_two_border_radius__hover_enabled=&#8221;off&#8221; button_letter_spacing__hover_enabled=&#8221;off&#8221; button_one_letter_spacing__hover_enabled=&#8221;off&#8221; button_two_letter_spacing__hover_enabled=&#8221;off&#8221; button_bg_color__hover_enabled=&#8221;off&#8221; button_one_bg_color__hover_enabled=&#8221;off&#8221; button_two_bg_color__hover_enabled=&#8221;off&#8221;][\/et_pb_contact_field][et_pb_contact_field field_id=&#8221;Mensaje&#8221; field_title=&#8221;Message&#8221; fullwidth_field=&#8221;on&#8221; _builder_version=&#8221;4.17.3&#8243; global_colors_info=&#8221;{}&#8221; button_text_size__hover_enabled=&#8221;off&#8221; button_one_text_size__hover_enabled=&#8221;off&#8221; button_two_text_size__hover_enabled=&#8221;off&#8221; button_text_color__hover_enabled=&#8221;off&#8221; button_one_text_color__hover_enabled=&#8221;off&#8221; button_two_text_color__hover_enabled=&#8221;off&#8221; button_border_width__hover_enabled=&#8221;off&#8221; button_one_border_width__hover_enabled=&#8221;off&#8221; button_two_border_width__hover_enabled=&#8221;off&#8221; button_border_color__hover_enabled=&#8221;off&#8221; button_one_border_color__hover_enabled=&#8221;off&#8221; button_two_border_color__hover_enabled=&#8221;off&#8221; button_border_radius__hover_enabled=&#8221;off&#8221; button_one_border_radius__hover_enabled=&#8221;off&#8221; button_two_border_radius__hover_enabled=&#8221;off&#8221; button_letter_spacing__hover_enabled=&#8221;off&#8221; button_one_letter_spacing__hover_enabled=&#8221;off&#8221; button_two_letter_spacing__hover_enabled=&#8221;off&#8221; button_bg_color__hover_enabled=&#8221;off&#8221; button_one_bg_color__hover_enabled=&#8221;off&#8221; button_two_bg_color__hover_enabled=&#8221;off&#8221;][\/et_pb_contact_field][et_pb_contact_field field_id=&#8221;RGPD_texto&#8221; field_title=&#8221;Acceptance of GDPR&#8221; field_type=&#8221;checkbox&#8221; checkbox_options=&#8221;%91{%22value%22:%22I have read and accept the legal notice and the RGPD privacy policy.%22,%22checked%22:0,%22dragID%22:-1,%22link_url%22:%22https:\/\/www.encore-lab.com\/en\/privacy-policy\/%22}%93&#8243; fullwidth_field=&#8221;on&#8221; _builder_version=&#8221;4.27.0&#8243; _module_preset=&#8221;default&#8221; custom_margin=&#8221;||||false|false&#8221; custom_padding=&#8221;||||false|false&#8221; hover_enabled=&#8221;0&#8243; global_colors_info=&#8221;{}&#8221; sticky_enabled=&#8221;0&#8243;][\/et_pb_contact_field][\/et_pb_contact_form][\/et_pb_column][\/et_pb_row][\/et_pb_section][et_pb_section fb_built=&#8221;1&#8243; _builder_version=&#8221;4.16.0&#8243; _module_preset=&#8221;default&#8221; background_color=&#8221;#FFFFFF&#8221; background_image=&#8221;https:\/\/encore-lab.com\/wp-content\/uploads\/2022\/03\/Li\u0301neas_Web_Encore_seccion-harware-software.png&#8221; custom_padding=&#8221;0px||100px|||&#8221; global_colors_info=&#8221;{}&#8221;][et_pb_row _builder_version=&#8221;4.16&#8243; _module_preset=&#8221;default&#8221; custom_padding=&#8221;0px||40px|||&#8221; global_colors_info=&#8221;{}&#8221;][et_pb_column type=&#8221;4_4&#8243; _builder_version=&#8221;4.16&#8243; _module_preset=&#8221;default&#8221; global_colors_info=&#8221;{}&#8221;][et_pb_map address=&#8221;Av. Zaragoza, 18, 26006 Logro\u00f1o, La Rioja, Espa\u00f1a&#8221; address_lat=&#8221;42.460694&#8243; address_lng=&#8221;-2.4200632&#8243; use_grayscale_filter=&#8221;on&#8221; grayscale_filter_amount=&#8221;95px&#8221; _builder_version=&#8221;4.16.0&#8243; _module_preset=&#8221;default&#8221; module_alignment=&#8221;center&#8221; height=&#8221;500px&#8221; custom_margin=&#8221;34px||-84px|||&#8221; custom_padding=&#8221;0px||0px|||&#8221; filter_contrast=&#8221;110%&#8221; global_colors_info=&#8221;{}&#8221;][et_pb_map_pin pin_address=&#8221;Av. Zaragoza, 18, 26006 Logro\u00f1o, La Rioja, Espa\u00f1a&#8221; pin_address_lat=&#8221;42.460694&#8243; pin_address_lng=&#8221;-2.4200632&#8243; _builder_version=&#8221;4.7.7&#8243; _module_preset=&#8221;default&#8221; global_colors_info=&#8221;{}&#8221;]<\/p>\n<p style=\"text-align: center\">Encore &#8211; Cesens<\/p>\n<p style=\"text-align: center\"><img loading=\"lazy\" decoding=\"async\" src=\"https:\/\/encore-lab.com\/wp-content\/uploads\/2021\/10\/cesens-logo-web-encore.png\" alt=\"cesens logo web encore\" class=\"wp-image-8578 size-full\" width=\"141\" height=\"35\" \/> <\/p>\n<p>[\/et_pb_map_pin][\/et_pb_map][\/et_pb_column][\/et_pb_row][\/et_pb_section]<\/p>\n","protected":false},"excerpt":{"rendered":"<p>&nbsp; Do you have a project? At Encore Lab we are ready to listen to your idea, give you solutions and help you make your project a success. Leave us your contact details. &nbsp; CONTACT ENCORE-LABAvenida de Zaragoza 18. 1\u00ba\u00a0 oficina 2 26006 Logro\u00f1o (La Rioja), Espa\u00f1a &nbsp; Tel.: +34 941 27 33 76 E-mail [&hellip;]<\/p>\n","protected":false},"author":1,"featured_media":0,"parent":0,"menu_order":0,"comment_status":"closed","ping_status":"closed","template":"","meta":{"_et_pb_use_builder":"on","_et_pb_old_content":"","_et_gb_content_width":"","footnotes":""},"class_list":["post-2566","page","type-page","status-publish","hentry"],"yoast_head":"<!-- This site is optimized with the Yoast SEO plugin v27.4 - https:\/\/yoast.com\/product\/yoast-seo-wordpress\/ -->\n<title>Contact -<\/title>\n<meta name=\"description\" content=\"Contact - Encore-Lab Digital Excellence Dise\u00f1o y prototipado PCBs. Prototipos funcionales. Dise\u00f1o para fabricaci\u00f3n\" \/>\n<meta name=\"robots\" content=\"index, follow, max-snippet:-1, max-image-preview:large, max-video-preview:-1\" \/>\n<link rel=\"canonical\" href=\"https:\/\/www.encore-lab.com\/en\/contact\/\" \/>\n<meta property=\"og:locale\" content=\"en_US\" \/>\n<meta property=\"og:type\" content=\"article\" \/>\n<meta property=\"og:title\" content=\"Contact -\" \/>\n<meta property=\"og:description\" content=\"Contact - Encore-Lab Digital Excellence Dise\u00f1o y prototipado PCBs. Prototipos funcionales. Dise\u00f1o para fabricaci\u00f3n\" \/>\n<meta property=\"og:url\" content=\"https:\/\/www.encore-lab.com\/en\/contact\/\" \/>\n<meta property=\"og:site_name\" content=\"Encore-Lab Digital Excellence Dise\u00f1o y prototipado PCBs. Prototipos funcionales. Dise\u00f1o para fabricaci\u00f3n\" \/>\n<meta property=\"article:modified_time\" content=\"2024-08-26T08:24:14+00:00\" \/>\n<meta property=\"og:image\" content=\"https:\/\/encore-lab.com\/wp-content\/uploads\/2021\/10\/cesens-logo-web-encore.png\" \/>\n<meta name=\"twitter:card\" content=\"summary_large_image\" \/>\n<meta name=\"twitter:label1\" content=\"Est. reading time\" \/>\n\t<meta name=\"twitter:data1\" content=\"7 minutes\" \/>\n<script type=\"application\/ld+json\" class=\"yoast-schema-graph\">{\"@context\":\"https:\\\/\\\/schema.org\",\"@graph\":[{\"@type\":\"WebPage\",\"@id\":\"https:\\\/\\\/www.encore-lab.com\\\/en\\\/contact\\\/\",\"url\":\"https:\\\/\\\/www.encore-lab.com\\\/en\\\/contact\\\/\",\"name\":\"Contact -\",\"isPartOf\":{\"@id\":\"https:\\\/\\\/www.encore-lab.com\\\/#website\"},\"primaryImageOfPage\":{\"@id\":\"https:\\\/\\\/www.encore-lab.com\\\/en\\\/contact\\\/#primaryimage\"},\"image\":{\"@id\":\"https:\\\/\\\/www.encore-lab.com\\\/en\\\/contact\\\/#primaryimage\"},\"thumbnailUrl\":\"https:\\\/\\\/encore-lab.com\\\/wp-content\\\/uploads\\\/2021\\\/10\\\/cesens-logo-web-encore.png\",\"datePublished\":\"2021-10-26T08:43:46+00:00\",\"dateModified\":\"2024-08-26T08:24:14+00:00\",\"description\":\"Contact - Encore-Lab Digital Excellence Dise\u00f1o y prototipado PCBs. Prototipos funcionales. Dise\u00f1o para fabricaci\u00f3n\",\"breadcrumb\":{\"@id\":\"https:\\\/\\\/www.encore-lab.com\\\/en\\\/contact\\\/#breadcrumb\"},\"inLanguage\":\"en-US\",\"potentialAction\":[{\"@type\":\"ReadAction\",\"target\":[\"https:\\\/\\\/www.encore-lab.com\\\/en\\\/contact\\\/\"]}]},{\"@type\":\"ImageObject\",\"inLanguage\":\"en-US\",\"@id\":\"https:\\\/\\\/www.encore-lab.com\\\/en\\\/contact\\\/#primaryimage\",\"url\":\"https:\\\/\\\/encore-lab.com\\\/wp-content\\\/uploads\\\/2021\\\/10\\\/cesens-logo-web-encore.png\",\"contentUrl\":\"https:\\\/\\\/encore-lab.com\\\/wp-content\\\/uploads\\\/2021\\\/10\\\/cesens-logo-web-encore.png\"},{\"@type\":\"BreadcrumbList\",\"@id\":\"https:\\\/\\\/www.encore-lab.com\\\/en\\\/contact\\\/#breadcrumb\",\"itemListElement\":[{\"@type\":\"ListItem\",\"position\":1,\"name\":\"Portada\",\"item\":\"https:\\\/\\\/www.encore-lab.com\\\/en\\\/\"},{\"@type\":\"ListItem\",\"position\":2,\"name\":\"Contact\"}]},{\"@type\":\"WebSite\",\"@id\":\"https:\\\/\\\/www.encore-lab.com\\\/#website\",\"url\":\"https:\\\/\\\/www.encore-lab.com\\\/\",\"name\":\"Encore-Lab Digital Excellence Dise\u00f1o y prototipado PCBs. Prototipos funcionales. Dise\u00f1o para fabricaci\u00f3n\",\"description\":\"Dise\u00f1o y prototipado PCBs. Prototipos funcionales. Dise\u00f1o para fabricaci\u00f3n\",\"publisher\":{\"@id\":\"https:\\\/\\\/www.encore-lab.com\\\/#organization\"},\"alternateName\":\"Dise\u00f1o y prototipado PCBs. Prototipos funcionales. Dise\u00f1o para fabricaci\u00f3n\",\"potentialAction\":[{\"@type\":\"SearchAction\",\"target\":{\"@type\":\"EntryPoint\",\"urlTemplate\":\"https:\\\/\\\/www.encore-lab.com\\\/?s={search_term_string}\"},\"query-input\":{\"@type\":\"PropertyValueSpecification\",\"valueRequired\":true,\"valueName\":\"search_term_string\"}}],\"inLanguage\":\"en-US\"},{\"@type\":\"Organization\",\"@id\":\"https:\\\/\\\/www.encore-lab.com\\\/#organization\",\"name\":\"Encore Lab Excelencia digital - Empresa de base tecnol\u00f3gica\",\"alternateName\":\"Encore Lab Excelencia digital - Empresa de base tecnol\u00f3gica\",\"url\":\"https:\\\/\\\/www.encore-lab.com\\\/\",\"logo\":{\"@type\":\"ImageObject\",\"inLanguage\":\"en-US\",\"@id\":\"https:\\\/\\\/www.encore-lab.com\\\/#\\\/schema\\\/logo\\\/image\\\/\",\"url\":\"https:\\\/\\\/www.encore-lab.com\\\/wp-content\\\/uploads\\\/2021\\\/09\\\/logotipo-encore-lab.png\",\"contentUrl\":\"https:\\\/\\\/www.encore-lab.com\\\/wp-content\\\/uploads\\\/2021\\\/09\\\/logotipo-encore-lab.png\",\"width\":800,\"height\":300,\"caption\":\"Encore Lab Excelencia digital - Empresa de base tecnol\u00f3gica\"},\"image\":{\"@id\":\"https:\\\/\\\/www.encore-lab.com\\\/#\\\/schema\\\/logo\\\/image\\\/\"}}]}<\/script>\n<!-- \/ Yoast SEO plugin. -->","yoast_head_json":{"title":"Contact -","description":"Contact - Encore-Lab Digital Excellence Dise\u00f1o y prototipado PCBs. Prototipos funcionales. Dise\u00f1o para fabricaci\u00f3n","robots":{"index":"index","follow":"follow","max-snippet":"max-snippet:-1","max-image-preview":"max-image-preview:large","max-video-preview":"max-video-preview:-1"},"canonical":"https:\/\/www.encore-lab.com\/en\/contact\/","og_locale":"en_US","og_type":"article","og_title":"Contact -","og_description":"Contact - Encore-Lab Digital Excellence Dise\u00f1o y prototipado PCBs. Prototipos funcionales. Dise\u00f1o para fabricaci\u00f3n","og_url":"https:\/\/www.encore-lab.com\/en\/contact\/","og_site_name":"Encore-Lab Digital Excellence Dise\u00f1o y prototipado PCBs. Prototipos funcionales. Dise\u00f1o para fabricaci\u00f3n","article_modified_time":"2024-08-26T08:24:14+00:00","og_image":[{"url":"https:\/\/encore-lab.com\/wp-content\/uploads\/2021\/10\/cesens-logo-web-encore.png","type":"","width":"","height":""}],"twitter_card":"summary_large_image","twitter_misc":{"Est. reading time":"7 minutes"},"schema":{"@context":"https:\/\/schema.org","@graph":[{"@type":"WebPage","@id":"https:\/\/www.encore-lab.com\/en\/contact\/","url":"https:\/\/www.encore-lab.com\/en\/contact\/","name":"Contact -","isPartOf":{"@id":"https:\/\/www.encore-lab.com\/#website"},"primaryImageOfPage":{"@id":"https:\/\/www.encore-lab.com\/en\/contact\/#primaryimage"},"image":{"@id":"https:\/\/www.encore-lab.com\/en\/contact\/#primaryimage"},"thumbnailUrl":"https:\/\/encore-lab.com\/wp-content\/uploads\/2021\/10\/cesens-logo-web-encore.png","datePublished":"2021-10-26T08:43:46+00:00","dateModified":"2024-08-26T08:24:14+00:00","description":"Contact - Encore-Lab Digital Excellence Dise\u00f1o y prototipado PCBs. Prototipos funcionales. Dise\u00f1o para fabricaci\u00f3n","breadcrumb":{"@id":"https:\/\/www.encore-lab.com\/en\/contact\/#breadcrumb"},"inLanguage":"en-US","potentialAction":[{"@type":"ReadAction","target":["https:\/\/www.encore-lab.com\/en\/contact\/"]}]},{"@type":"ImageObject","inLanguage":"en-US","@id":"https:\/\/www.encore-lab.com\/en\/contact\/#primaryimage","url":"https:\/\/encore-lab.com\/wp-content\/uploads\/2021\/10\/cesens-logo-web-encore.png","contentUrl":"https:\/\/encore-lab.com\/wp-content\/uploads\/2021\/10\/cesens-logo-web-encore.png"},{"@type":"BreadcrumbList","@id":"https:\/\/www.encore-lab.com\/en\/contact\/#breadcrumb","itemListElement":[{"@type":"ListItem","position":1,"name":"Portada","item":"https:\/\/www.encore-lab.com\/en\/"},{"@type":"ListItem","position":2,"name":"Contact"}]},{"@type":"WebSite","@id":"https:\/\/www.encore-lab.com\/#website","url":"https:\/\/www.encore-lab.com\/","name":"Encore-Lab Digital Excellence Dise\u00f1o y prototipado PCBs. Prototipos funcionales. Dise\u00f1o para fabricaci\u00f3n","description":"Dise\u00f1o y prototipado PCBs. Prototipos funcionales. Dise\u00f1o para fabricaci\u00f3n","publisher":{"@id":"https:\/\/www.encore-lab.com\/#organization"},"alternateName":"Dise\u00f1o y prototipado PCBs. Prototipos funcionales. Dise\u00f1o para fabricaci\u00f3n","potentialAction":[{"@type":"SearchAction","target":{"@type":"EntryPoint","urlTemplate":"https:\/\/www.encore-lab.com\/?s={search_term_string}"},"query-input":{"@type":"PropertyValueSpecification","valueRequired":true,"valueName":"search_term_string"}}],"inLanguage":"en-US"},{"@type":"Organization","@id":"https:\/\/www.encore-lab.com\/#organization","name":"Encore Lab Excelencia digital - Empresa de base tecnol\u00f3gica","alternateName":"Encore Lab Excelencia digital - Empresa de base tecnol\u00f3gica","url":"https:\/\/www.encore-lab.com\/","logo":{"@type":"ImageObject","inLanguage":"en-US","@id":"https:\/\/www.encore-lab.com\/#\/schema\/logo\/image\/","url":"https:\/\/www.encore-lab.com\/wp-content\/uploads\/2021\/09\/logotipo-encore-lab.png","contentUrl":"https:\/\/www.encore-lab.com\/wp-content\/uploads\/2021\/09\/logotipo-encore-lab.png","width":800,"height":300,"caption":"Encore Lab Excelencia digital - Empresa de base tecnol\u00f3gica"},"image":{"@id":"https:\/\/www.encore-lab.com\/#\/schema\/logo\/image\/"}}]}},"_links":{"self":[{"href":"https:\/\/www.encore-lab.com\/en\/wp-json\/wp\/v2\/pages\/2566","targetHints":{"allow":["GET"]}}],"collection":[{"href":"https:\/\/www.encore-lab.com\/en\/wp-json\/wp\/v2\/pages"}],"about":[{"href":"https:\/\/www.encore-lab.com\/en\/wp-json\/wp\/v2\/types\/page"}],"author":[{"embeddable":true,"href":"https:\/\/www.encore-lab.com\/en\/wp-json\/wp\/v2\/users\/1"}],"replies":[{"embeddable":true,"href":"https:\/\/www.encore-lab.com\/en\/wp-json\/wp\/v2\/comments?post=2566"}],"version-history":[{"count":10,"href":"https:\/\/www.encore-lab.com\/en\/wp-json\/wp\/v2\/pages\/2566\/revisions"}],"predecessor-version":[{"id":3567,"href":"https:\/\/www.encore-lab.com\/en\/wp-json\/wp\/v2\/pages\/2566\/revisions\/3567"}],"wp:attachment":[{"href":"https:\/\/www.encore-lab.com\/en\/wp-json\/wp\/v2\/media?parent=2566"}],"curies":[{"name":"wp","href":"https:\/\/api.w.org\/{rel}","templated":true}]}}