{"id":2561,"date":"2021-09-25T08:30:28","date_gmt":"2021-09-25T08:30:28","guid":{"rendered":"https:\/\/www.encore-lab.com\/proyectos\/"},"modified":"2026-05-01T08:52:17","modified_gmt":"2026-05-01T08:52:17","slug":"projects","status":"publish","type":"page","link":"https:\/\/www.encore-lab.com\/en\/projects\/","title":{"rendered":"Projects"},"content":{"rendered":"<p>[et_pb_section fb_built=&#8221;1&#8243; _builder_version=&#8221;4.16&#8243; _module_preset=&#8221;default&#8221; global_colors_info=&#8221;{}&#8221;][et_pb_row _builder_version=&#8221;4.16&#8243; locked=&#8221;off&#8221; global_colors_info=&#8221;{}&#8221;][et_pb_column type=&#8221;4_4&#8243; _builder_version=&#8221;4.16&#8243; global_colors_info=&#8221;{}&#8221;][et_pb_text _builder_version=&#8221;4.16&#8243; _module_preset=&#8221;default&#8221; text_font=&#8221;|300|||||||&#8221; text_font_size=&#8221;16px&#8221; text_line_height=&#8221;3em&#8221; header_font=&#8221;|300|||||||&#8221; header_text_color=&#8221;#212529&#8243; header_font_size=&#8221;50px&#8221; header_line_height=&#8221;1.2em&#8221; header_2_font=&#8221;|300|||||||&#8221; header_2_text_color=&#8221;#818181&#8243; header_2_font_size=&#8221;28px&#8221; header_2_line_height=&#8221;1.2em&#8221; header_3_font=&#8221;|300|||||||&#8221; header_4_font=&#8221;|300|||||||&#8221; header_4_font_size=&#8221;28px&#8221; header_5_font=&#8221;|300|||||||&#8221; header_6_font=&#8221;|300|||||||&#8221; custom_margin=&#8221;||||false|false&#8221; global_colors_info=&#8221;{}&#8221;]<\/p>\n<h1 style=\"text-align: center;\">Projects<\/h1>\n<h2 style=\"text-align: center;\">Some of the Encore-Lab projects<\/h2>\n<p>[\/et_pb_text][\/et_pb_column][\/et_pb_row][et_pb_row _builder_version=&#8221;4.16&#8243; _module_preset=&#8221;default&#8221; global_colors_info=&#8221;{}&#8221;][et_pb_column type=&#8221;4_4&#8243; _builder_version=&#8221;4.16&#8243; _module_preset=&#8221;default&#8221; global_colors_info=&#8221;{}&#8221;][et_pb_filterable_portfolio fullwidth=&#8221;off&#8221; posts_number=&#8221;16&#8243; include_categories=&#8221;11,12,10&#8243; show_categories=&#8221;off&#8221; zoom_icon_color=&#8221;rgba(0,0,0,0)&#8221; hover_overlay_color=&#8221;rgba(0,0,0,0.08)&#8221; _builder_version=&#8221;4.17.4&#8243; _module_preset=&#8221;default&#8221; border_color_all_image=&#8221;rgba(0,0,0,0)&#8221; global_colors_info=&#8221;{}&#8221;][\/et_pb_filterable_portfolio][\/et_pb_column][\/et_pb_row][\/et_pb_section]<\/p>\n","protected":false},"excerpt":{"rendered":"<p>Projects Some of the Encore-Lab projects<\/p>\n","protected":false},"author":1,"featured_media":0,"parent":0,"menu_order":0,"comment_status":"closed","ping_status":"closed","template":"","meta":{"_et_pb_use_builder":"on","_et_pb_old_content":"","_et_gb_content_width":"","footnotes":""},"class_list":["post-2561","page","type-page","status-publish","hentry"],"yoast_head":"<!-- This site is optimized with the Yoast SEO plugin v27.6 - https:\/\/yoast.com\/product\/yoast-seo-wordpress\/ -->\n<title>Projects -<\/title>\n<meta name=\"description\" content=\"Projects - Encore-Lab Digital Excellence Dise\u00f1o y prototipado PCBs. Prototipos funcionales. Dise\u00f1o para fabricaci\u00f3n\" \/>\n<meta name=\"robots\" content=\"index, follow, max-snippet:-1, max-image-preview:large, max-video-preview:-1\" \/>\n<link rel=\"canonical\" href=\"https:\/\/www.encore-lab.com\/en\/projects\/\" \/>\n<meta property=\"og:locale\" content=\"en_US\" \/>\n<meta property=\"og:type\" content=\"article\" \/>\n<meta property=\"og:title\" content=\"Projects -\" \/>\n<meta property=\"og:description\" content=\"Projects - Encore-Lab Digital Excellence Dise\u00f1o y prototipado PCBs. Prototipos funcionales. Dise\u00f1o para fabricaci\u00f3n\" \/>\n<meta property=\"og:url\" content=\"https:\/\/www.encore-lab.com\/en\/projects\/\" \/>\n<meta property=\"og:site_name\" content=\"Encore-Lab Digital Excellence Dise\u00f1o y prototipado PCBs. Prototipos funcionales. Dise\u00f1o para fabricaci\u00f3n\" \/>\n<meta property=\"article:modified_time\" content=\"2026-05-01T08:52:17+00:00\" \/>\n<meta property=\"og:image\" content=\"https:\/\/www.encore-lab.com\/wp-content\/uploads\/2021\/09\/logotipo-encore-lab.png\" \/>\n\t<meta property=\"og:image:width\" content=\"800\" \/>\n\t<meta property=\"og:image:height\" content=\"300\" \/>\n\t<meta property=\"og:image:type\" content=\"image\/png\" \/>\n<meta name=\"twitter:card\" content=\"summary_large_image\" \/>\n<meta name=\"twitter:label1\" content=\"Est. reading time\" \/>\n\t<meta name=\"twitter:data1\" content=\"1 minute\" \/>\n<script type=\"application\/ld+json\" class=\"yoast-schema-graph\">{\"@context\":\"https:\\\/\\\/schema.org\",\"@graph\":[{\"@type\":\"WebPage\",\"@id\":\"https:\\\/\\\/www.encore-lab.com\\\/en\\\/projects\\\/\",\"url\":\"https:\\\/\\\/www.encore-lab.com\\\/en\\\/projects\\\/\",\"name\":\"Projects -\",\"isPartOf\":{\"@id\":\"https:\\\/\\\/www.encore-lab.com\\\/#website\"},\"datePublished\":\"2021-09-25T08:30:28+00:00\",\"dateModified\":\"2026-05-01T08:52:17+00:00\",\"description\":\"Projects - Encore-Lab Digital Excellence Dise\u00f1o y prototipado PCBs. Prototipos funcionales. Dise\u00f1o para fabricaci\u00f3n\",\"breadcrumb\":{\"@id\":\"https:\\\/\\\/www.encore-lab.com\\\/en\\\/projects\\\/#breadcrumb\"},\"inLanguage\":\"en-US\",\"potentialAction\":[{\"@type\":\"ReadAction\",\"target\":[\"https:\\\/\\\/www.encore-lab.com\\\/en\\\/projects\\\/\"]}]},{\"@type\":\"BreadcrumbList\",\"@id\":\"https:\\\/\\\/www.encore-lab.com\\\/en\\\/projects\\\/#breadcrumb\",\"itemListElement\":[{\"@type\":\"ListItem\",\"position\":1,\"name\":\"Portada\",\"item\":\"https:\\\/\\\/www.encore-lab.com\\\/en\\\/\"},{\"@type\":\"ListItem\",\"position\":2,\"name\":\"Projects\"}]},{\"@type\":\"WebSite\",\"@id\":\"https:\\\/\\\/www.encore-lab.com\\\/#website\",\"url\":\"https:\\\/\\\/www.encore-lab.com\\\/\",\"name\":\"Encore-Lab Digital Excellence Dise\u00f1o y prototipado PCBs. Prototipos funcionales. Dise\u00f1o para fabricaci\u00f3n\",\"description\":\"Dise\u00f1o y prototipado PCBs. Prototipos funcionales. Dise\u00f1o para fabricaci\u00f3n\",\"publisher\":{\"@id\":\"https:\\\/\\\/www.encore-lab.com\\\/#organization\"},\"alternateName\":\"Dise\u00f1o y prototipado PCBs. Prototipos funcionales. Dise\u00f1o para fabricaci\u00f3n\",\"potentialAction\":[{\"@type\":\"SearchAction\",\"target\":{\"@type\":\"EntryPoint\",\"urlTemplate\":\"https:\\\/\\\/www.encore-lab.com\\\/?s={search_term_string}\"},\"query-input\":{\"@type\":\"PropertyValueSpecification\",\"valueRequired\":true,\"valueName\":\"search_term_string\"}}],\"inLanguage\":\"en-US\"},{\"@type\":\"Organization\",\"@id\":\"https:\\\/\\\/www.encore-lab.com\\\/#organization\",\"name\":\"Encore Lab Excelencia digital - Empresa de base tecnol\u00f3gica\",\"alternateName\":\"Encore Lab Excelencia digital - Empresa de base tecnol\u00f3gica\",\"url\":\"https:\\\/\\\/www.encore-lab.com\\\/\",\"logo\":{\"@type\":\"ImageObject\",\"inLanguage\":\"en-US\",\"@id\":\"https:\\\/\\\/www.encore-lab.com\\\/#\\\/schema\\\/logo\\\/image\\\/\",\"url\":\"https:\\\/\\\/www.encore-lab.com\\\/wp-content\\\/uploads\\\/2021\\\/09\\\/logotipo-encore-lab.png\",\"contentUrl\":\"https:\\\/\\\/www.encore-lab.com\\\/wp-content\\\/uploads\\\/2021\\\/09\\\/logotipo-encore-lab.png\",\"width\":800,\"height\":300,\"caption\":\"Encore Lab Excelencia digital - Empresa de base tecnol\u00f3gica\"},\"image\":{\"@id\":\"https:\\\/\\\/www.encore-lab.com\\\/#\\\/schema\\\/logo\\\/image\\\/\"}}]}<\/script>\n<!-- \/ Yoast SEO plugin. -->","yoast_head_json":{"title":"Projects -","description":"Projects - Encore-Lab Digital Excellence Dise\u00f1o y prototipado PCBs. Prototipos funcionales. Dise\u00f1o para fabricaci\u00f3n","robots":{"index":"index","follow":"follow","max-snippet":"max-snippet:-1","max-image-preview":"max-image-preview:large","max-video-preview":"max-video-preview:-1"},"canonical":"https:\/\/www.encore-lab.com\/en\/projects\/","og_locale":"en_US","og_type":"article","og_title":"Projects -","og_description":"Projects - Encore-Lab Digital Excellence Dise\u00f1o y prototipado PCBs. Prototipos funcionales. Dise\u00f1o para fabricaci\u00f3n","og_url":"https:\/\/www.encore-lab.com\/en\/projects\/","og_site_name":"Encore-Lab Digital Excellence Dise\u00f1o y prototipado PCBs. Prototipos funcionales. Dise\u00f1o para fabricaci\u00f3n","article_modified_time":"2026-05-01T08:52:17+00:00","og_image":[{"width":800,"height":300,"url":"https:\/\/www.encore-lab.com\/wp-content\/uploads\/2021\/09\/logotipo-encore-lab.png","type":"image\/png"}],"twitter_card":"summary_large_image","twitter_misc":{"Est. reading time":"1 minute"},"schema":{"@context":"https:\/\/schema.org","@graph":[{"@type":"WebPage","@id":"https:\/\/www.encore-lab.com\/en\/projects\/","url":"https:\/\/www.encore-lab.com\/en\/projects\/","name":"Projects -","isPartOf":{"@id":"https:\/\/www.encore-lab.com\/#website"},"datePublished":"2021-09-25T08:30:28+00:00","dateModified":"2026-05-01T08:52:17+00:00","description":"Projects - Encore-Lab Digital Excellence Dise\u00f1o y prototipado PCBs. Prototipos funcionales. Dise\u00f1o para fabricaci\u00f3n","breadcrumb":{"@id":"https:\/\/www.encore-lab.com\/en\/projects\/#breadcrumb"},"inLanguage":"en-US","potentialAction":[{"@type":"ReadAction","target":["https:\/\/www.encore-lab.com\/en\/projects\/"]}]},{"@type":"BreadcrumbList","@id":"https:\/\/www.encore-lab.com\/en\/projects\/#breadcrumb","itemListElement":[{"@type":"ListItem","position":1,"name":"Portada","item":"https:\/\/www.encore-lab.com\/en\/"},{"@type":"ListItem","position":2,"name":"Projects"}]},{"@type":"WebSite","@id":"https:\/\/www.encore-lab.com\/#website","url":"https:\/\/www.encore-lab.com\/","name":"Encore-Lab Digital Excellence Dise\u00f1o y prototipado PCBs. Prototipos funcionales. Dise\u00f1o para fabricaci\u00f3n","description":"Dise\u00f1o y prototipado PCBs. Prototipos funcionales. Dise\u00f1o para fabricaci\u00f3n","publisher":{"@id":"https:\/\/www.encore-lab.com\/#organization"},"alternateName":"Dise\u00f1o y prototipado PCBs. Prototipos funcionales. Dise\u00f1o para fabricaci\u00f3n","potentialAction":[{"@type":"SearchAction","target":{"@type":"EntryPoint","urlTemplate":"https:\/\/www.encore-lab.com\/?s={search_term_string}"},"query-input":{"@type":"PropertyValueSpecification","valueRequired":true,"valueName":"search_term_string"}}],"inLanguage":"en-US"},{"@type":"Organization","@id":"https:\/\/www.encore-lab.com\/#organization","name":"Encore Lab Excelencia digital - Empresa de base tecnol\u00f3gica","alternateName":"Encore Lab Excelencia digital - Empresa de base tecnol\u00f3gica","url":"https:\/\/www.encore-lab.com\/","logo":{"@type":"ImageObject","inLanguage":"en-US","@id":"https:\/\/www.encore-lab.com\/#\/schema\/logo\/image\/","url":"https:\/\/www.encore-lab.com\/wp-content\/uploads\/2021\/09\/logotipo-encore-lab.png","contentUrl":"https:\/\/www.encore-lab.com\/wp-content\/uploads\/2021\/09\/logotipo-encore-lab.png","width":800,"height":300,"caption":"Encore Lab Excelencia digital - Empresa de base tecnol\u00f3gica"},"image":{"@id":"https:\/\/www.encore-lab.com\/#\/schema\/logo\/image\/"}}]}},"_links":{"self":[{"href":"https:\/\/www.encore-lab.com\/en\/wp-json\/wp\/v2\/pages\/2561","targetHints":{"allow":["GET"]}}],"collection":[{"href":"https:\/\/www.encore-lab.com\/en\/wp-json\/wp\/v2\/pages"}],"about":[{"href":"https:\/\/www.encore-lab.com\/en\/wp-json\/wp\/v2\/types\/page"}],"author":[{"embeddable":true,"href":"https:\/\/www.encore-lab.com\/en\/wp-json\/wp\/v2\/users\/1"}],"replies":[{"embeddable":true,"href":"https:\/\/www.encore-lab.com\/en\/wp-json\/wp\/v2\/comments?post=2561"}],"version-history":[{"count":6,"href":"https:\/\/www.encore-lab.com\/en\/wp-json\/wp\/v2\/pages\/2561\/revisions"}],"predecessor-version":[{"id":3645,"href":"https:\/\/www.encore-lab.com\/en\/wp-json\/wp\/v2\/pages\/2561\/revisions\/3645"}],"wp:attachment":[{"href":"https:\/\/www.encore-lab.com\/en\/wp-json\/wp\/v2\/media?parent=2561"}],"curies":[{"name":"wp","href":"https:\/\/api.w.org\/{rel}","templated":true}]}}